{"id":12561,"date":"2025-01-18T12:32:20","date_gmt":"2025-01-18T11:32:20","guid":{"rendered":"https:\/\/4youapartmans.com\/apartamenty-w\/"},"modified":"2025-01-29T15:14:27","modified_gmt":"2025-01-29T14:14:27","slug":"apartamenty","status":"publish","type":"page","link":"https:\/\/4youapartmans.com\/pl\/apartamenty\/","title":{"rendered":"Apartamenty"},"content":{"rendered":"&#13;\n<p>To jest przyk\u0142adowa strona. R\u00f3\u017cni si\u0119 on od wpisu na blogu, poniewa\u017c pozostanie w jednym miejscu i b\u0119dzie widoczny w nawigacji witryny (w wi\u0119kszo\u015bci motyw\u00f3w). Wi\u0119kszo\u015b\u0107 os\u00f3b zaczyna od strony Informacje, kt\u00f3ra przedstawia ich potencjalnym odwiedzaj\u0105cym witryn\u0119. Mo\u017ce to wygl\u0105da\u0107 mniej wi\u0119cej tak:<\/p>&#13;\n&#13;\n<blockquote class=\"wp-block-quote is-layout-flow wp-block-quote-is-layout-flow\">&#13;\n<p>Cze\u015b\u0107! Jestem kurierem rowerowym w dzie\u0144, aspiruj\u0105cym aktorem w nocy, a to jest moja strona internetowa. Mieszkam w Los Angeles, mam wspania\u0142ego psa o imieniu Jack i lubi\u0119 pi\u00f1a colad\u0119. (I da\u0107 si\u0119 z\u0142apa\u0107 w deszczu).<\/p>&#13;\n<\/blockquote>&#13;\n&#13;\n<p>&#8230;lub co\u015b w tym stylu:<\/p>&#13;\n&#13;\n<blockquote class=\"wp-block-quote is-layout-flow wp-block-quote-is-layout-flow\">&#13;\n<p>Firma XYZ Doohickey Company zosta\u0142a za\u0142o\u017cona w 1971 roku i od tego czasu dostarcza wysokiej jako\u015bci gad\u017cety reklamowe. Zlokalizowana w Gotham City firma XYZ zatrudnia ponad 2000 os\u00f3b i robi wiele niesamowitych rzeczy dla spo\u0142eczno\u015bci Gotham.<\/p>&#13;\n<\/blockquote>&#13;\n&#13;\n<p>Jako nowy u\u017cytkownik WordPressa powiniene\u015b przej\u015b\u0107 do <a href=\"https:\/\/4youapartmans.com\/wp-admin\/\">pulpitu nawigacyjnego<\/a>, aby usun\u0105\u0107 t\u0119 stron\u0119 i utworzy\u0107 nowe strony dla swoich tre\u015bci. Mi\u0142ej zabawy!<\/p>&#13;\n","protected":false},"excerpt":{"rendered":"<p>&#13; To jest przyk\u0142adowa strona. R\u00f3\u017cni si\u0119 on od wpisu na blogu, poniewa\u017c pozostanie w jednym miejscu i b\u0119dzie widoczny w nawigacji witryny (w wi\u0119kszo\u015bci motyw\u00f3w). Wi\u0119kszo\u015b\u0107 os\u00f3b zaczyna od&hellip;<\/p>\n<p> <a class=\"more-link\" href=\"https:\/\/4youapartmans.com\/pl\/apartamenty\/\">Dowiedz si\u0119 wi\u0119cej<\/a><\/p>\n","protected":false},"author":1,"featured_media":0,"parent":0,"menu_order":0,"comment_status":"closed","ping_status":"closed","template":"","meta":{"footnotes":""},"class_list":["post-12561","page","type-page","status-publish"],"yoast_head":"<!-- This site is optimized with the Yoast SEO plugin v24.3 - https:\/\/yoast.com\/wordpress\/plugins\/seo\/ -->\n<title>Apartamenty - 4 You Apartmans<\/title>\n<meta name=\"robots\" content=\"index, follow, max-snippet:-1, max-image-preview:large, max-video-preview:-1\" \/>\n<link rel=\"canonical\" href=\"https:\/\/4youapartmans.com\/pl\/apartamenty\/\" \/>\n<meta property=\"og:locale\" content=\"pl_PL\" \/>\n<meta property=\"og:type\" content=\"article\" \/>\n<meta property=\"og:title\" content=\"Apartamenty - 4 You Apartmans\" \/>\n<meta property=\"og:description\" content=\"&#013; To jest przyk\u0142adowa strona. R\u00f3\u017cni si\u0119 on od wpisu na blogu, poniewa\u017c pozostanie w jednym miejscu i b\u0119dzie widoczny w nawigacji witryny (w wi\u0119kszo\u015bci motyw\u00f3w). Wi\u0119kszo\u015b\u0107 os\u00f3b zaczyna od&hellip;  Dowiedz si\u0119 wi\u0119cej\" \/>\n<meta property=\"og:url\" content=\"https:\/\/4youapartmans.com\/pl\/apartamenty\/\" \/>\n<meta property=\"og:site_name\" content=\"4 You Apartmans\" \/>\n<meta property=\"article:modified_time\" content=\"2025-01-29T14:14:27+00:00\" \/>\n<meta name=\"twitter:card\" content=\"summary_large_image\" \/>\n<meta name=\"twitter:label1\" content=\"Szacowany czas czytania\" \/>\n\t<meta name=\"twitter:data1\" content=\"1 minuta\" \/>\n<script type=\"application\/ld+json\" class=\"yoast-schema-graph\">{\"@context\":\"https:\/\/schema.org\",\"@graph\":[{\"@type\":\"WebPage\",\"@id\":\"https:\/\/4youapartmans.com\/pl\/apartamenty\/\",\"url\":\"https:\/\/4youapartmans.com\/pl\/apartamenty\/\",\"name\":\"Apartamenty - 4 You Apartmans\",\"isPartOf\":{\"@id\":\"https:\/\/4youapartmans.com\/pl\/#website\"},\"datePublished\":\"2025-01-18T11:32:20+00:00\",\"dateModified\":\"2025-01-29T14:14:27+00:00\",\"breadcrumb\":{\"@id\":\"https:\/\/4youapartmans.com\/pl\/apartamenty\/#breadcrumb\"},\"inLanguage\":\"pl-PL\",\"potentialAction\":[{\"@type\":\"ReadAction\",\"target\":[\"https:\/\/4youapartmans.com\/pl\/apartamenty\/\"]}]},{\"@type\":\"BreadcrumbList\",\"@id\":\"https:\/\/4youapartmans.com\/pl\/apartamenty\/#breadcrumb\",\"itemListElement\":[{\"@type\":\"ListItem\",\"position\":1,\"name\":\"Kezd\u0151lap\",\"item\":\"https:\/\/4youapartmans.com\/pl\/\"},{\"@type\":\"ListItem\",\"position\":2,\"name\":\"Apartamenty\"}]},{\"@type\":\"WebSite\",\"@id\":\"https:\/\/4youapartmans.com\/pl\/#website\",\"url\":\"https:\/\/4youapartmans.com\/pl\/\",\"name\":\"4 You Apartmans\",\"description\":\"\",\"publisher\":{\"@id\":\"https:\/\/4youapartmans.com\/pl\/#organization\"},\"potentialAction\":[{\"@type\":\"SearchAction\",\"target\":{\"@type\":\"EntryPoint\",\"urlTemplate\":\"https:\/\/4youapartmans.com\/pl\/?s={search_term_string}\"},\"query-input\":{\"@type\":\"PropertyValueSpecification\",\"valueRequired\":true,\"valueName\":\"search_term_string\"}}],\"inLanguage\":\"pl-PL\"},{\"@type\":\"Organization\",\"@id\":\"https:\/\/4youapartmans.com\/pl\/#organization\",\"name\":\"4 You Apartmans\",\"url\":\"https:\/\/4youapartmans.com\/pl\/\",\"logo\":{\"@type\":\"ImageObject\",\"inLanguage\":\"pl-PL\",\"@id\":\"https:\/\/4youapartmans.com\/pl\/#\/schema\/logo\/image\/\",\"url\":\"https:\/\/4youapartmans.com\/wp-content\/uploads\/2025\/01\/logo_250.png\",\"contentUrl\":\"https:\/\/4youapartmans.com\/wp-content\/uploads\/2025\/01\/logo_250.png\",\"width\":250,\"height\":250,\"caption\":\"4 You Apartmans\"},\"image\":{\"@id\":\"https:\/\/4youapartmans.com\/pl\/#\/schema\/logo\/image\/\"}}]}<\/script>\n<!-- \/ Yoast SEO plugin. -->","yoast_head_json":{"title":"Apartamenty - 4 You Apartmans","robots":{"index":"index","follow":"follow","max-snippet":"max-snippet:-1","max-image-preview":"max-image-preview:large","max-video-preview":"max-video-preview:-1"},"canonical":"https:\/\/4youapartmans.com\/pl\/apartamenty\/","og_locale":"pl_PL","og_type":"article","og_title":"Apartamenty - 4 You Apartmans","og_description":"&#13; To jest przyk\u0142adowa strona. R\u00f3\u017cni si\u0119 on od wpisu na blogu, poniewa\u017c pozostanie w jednym miejscu i b\u0119dzie widoczny w nawigacji witryny (w wi\u0119kszo\u015bci motyw\u00f3w). Wi\u0119kszo\u015b\u0107 os\u00f3b zaczyna od&hellip;  Dowiedz si\u0119 wi\u0119cej","og_url":"https:\/\/4youapartmans.com\/pl\/apartamenty\/","og_site_name":"4 You Apartmans","article_modified_time":"2025-01-29T14:14:27+00:00","twitter_card":"summary_large_image","twitter_misc":{"Szacowany czas czytania":"1 minuta"},"schema":{"@context":"https:\/\/schema.org","@graph":[{"@type":"WebPage","@id":"https:\/\/4youapartmans.com\/pl\/apartamenty\/","url":"https:\/\/4youapartmans.com\/pl\/apartamenty\/","name":"Apartamenty - 4 You Apartmans","isPartOf":{"@id":"https:\/\/4youapartmans.com\/pl\/#website"},"datePublished":"2025-01-18T11:32:20+00:00","dateModified":"2025-01-29T14:14:27+00:00","breadcrumb":{"@id":"https:\/\/4youapartmans.com\/pl\/apartamenty\/#breadcrumb"},"inLanguage":"pl-PL","potentialAction":[{"@type":"ReadAction","target":["https:\/\/4youapartmans.com\/pl\/apartamenty\/"]}]},{"@type":"BreadcrumbList","@id":"https:\/\/4youapartmans.com\/pl\/apartamenty\/#breadcrumb","itemListElement":[{"@type":"ListItem","position":1,"name":"Kezd\u0151lap","item":"https:\/\/4youapartmans.com\/pl\/"},{"@type":"ListItem","position":2,"name":"Apartamenty"}]},{"@type":"WebSite","@id":"https:\/\/4youapartmans.com\/pl\/#website","url":"https:\/\/4youapartmans.com\/pl\/","name":"4 You Apartmans","description":"","publisher":{"@id":"https:\/\/4youapartmans.com\/pl\/#organization"},"potentialAction":[{"@type":"SearchAction","target":{"@type":"EntryPoint","urlTemplate":"https:\/\/4youapartmans.com\/pl\/?s={search_term_string}"},"query-input":{"@type":"PropertyValueSpecification","valueRequired":true,"valueName":"search_term_string"}}],"inLanguage":"pl-PL"},{"@type":"Organization","@id":"https:\/\/4youapartmans.com\/pl\/#organization","name":"4 You Apartmans","url":"https:\/\/4youapartmans.com\/pl\/","logo":{"@type":"ImageObject","inLanguage":"pl-PL","@id":"https:\/\/4youapartmans.com\/pl\/#\/schema\/logo\/image\/","url":"https:\/\/4youapartmans.com\/wp-content\/uploads\/2025\/01\/logo_250.png","contentUrl":"https:\/\/4youapartmans.com\/wp-content\/uploads\/2025\/01\/logo_250.png","width":250,"height":250,"caption":"4 You Apartmans"},"image":{"@id":"https:\/\/4youapartmans.com\/pl\/#\/schema\/logo\/image\/"}}]}},"_links":{"self":[{"href":"https:\/\/4youapartmans.com\/pl\/wp-json\/wp\/v2\/pages\/12561","targetHints":{"allow":["GET"]}}],"collection":[{"href":"https:\/\/4youapartmans.com\/pl\/wp-json\/wp\/v2\/pages"}],"about":[{"href":"https:\/\/4youapartmans.com\/pl\/wp-json\/wp\/v2\/types\/page"}],"author":[{"embeddable":true,"href":"https:\/\/4youapartmans.com\/pl\/wp-json\/wp\/v2\/users\/1"}],"replies":[{"embeddable":true,"href":"https:\/\/4youapartmans.com\/pl\/wp-json\/wp\/v2\/comments?post=12561"}],"version-history":[{"count":2,"href":"https:\/\/4youapartmans.com\/pl\/wp-json\/wp\/v2\/pages\/12561\/revisions"}],"predecessor-version":[{"id":12564,"href":"https:\/\/4youapartmans.com\/pl\/wp-json\/wp\/v2\/pages\/12561\/revisions\/12564"}],"wp:attachment":[{"href":"https:\/\/4youapartmans.com\/pl\/wp-json\/wp\/v2\/media?parent=12561"}],"curies":[{"name":"wp","href":"https:\/\/api.w.org\/{rel}","templated":true}]}}